{"id":835,"date":"2022-01-03T14:48:14","date_gmt":"2022-01-03T17:48:14","guid":{"rendered":"https:\/\/sonvidawine.com\/finca\/"},"modified":"2022-08-05T15:14:32","modified_gmt":"2022-08-05T18:14:32","slug":"lafinca","status":"publish","type":"page","link":"https:\/\/sonvidawine.com\/es\/lafinca\/","title":{"rendered":"La Finca"},"content":{"rendered":"[vc_row][vc_column offset=\u00bbvc_hidden-xs\u00bb][vc_empty_space height=\u00bb40px\u00bb][vc_column_text]\r\n<h1 style=\"text-align: center;\">FINCA &#8211; LA VIDA EN EL TERRU\u00d1O<\/h1>\r\n[\/vc_column_text][vc_column_text]\r\n<div class=\"wpb_text_column wpb_content_element post-formatting \">\r\n<div class=\"wpb_wrapper\">\r\n\r\nEstamos en el coraz\u00f3n de las tierras del Malbec en el valle de Uco en un peque\u00f1o terru\u00f1o llamado paraje Altamira, cerca del pueblo de La Consulta. Entre nuestras fincas vecinas se encuentran Terrazas de los Andes, Catena y Zuccardi. Estamos a 1,029m de altura.\r\n\r\nNuestro terru\u00f1o est\u00e1 definido por la cordillera de los Andes. Su nieve derretida riega las vi\u00f1as arraigadas entre piedras desparramadas por milenios de deshielos. Las uvas maduran bajo un sol brillante, sin lluvia 330 d\u00edas al a\u00f1o. Gracias a brisas nocturnas se mantienen frescas, creando aromas y sabores m\u00e1s complejos.\r\n\r\n<\/div>\r\n<\/div>\r\n[\/vc_column_text][\/vc_column][\/vc_row][vc_row][vc_column offset=\u00bbvc_hidden-lg vc_hidden-md vc_hidden-sm\u00bb][vc_single_image image=\u00bb731&#8243; img_size=\u00bbfull\u00bb][vc_column_text]\r\n<h1 style=\"text-align: center;\">FINCA &#8211; LA VIDA EN EL TERRENO<\/h1>\r\n[\/vc_column_text][vc_column_text]\r\n<div class=\"wpb_text_column wpb_content_element post-formatting \">\r\n<div class=\"wpb_wrapper\">\r\n\r\nEstamos en el coraz\u00f3n de los pagos del Malbec, en el valle de Uco, en un peque\u00f1o terru\u00f1o llamado Altamira, cerca del pueblo de La Consulta. Nuestros vecinos son Chandon, Catena y Achaval Ferrer. Tambi\u00e9n compartimos el valle con O.Fournier, Clos de los Siete, Finca La Celia, y Lurton.\r\n\r\nNuestro terru\u00f1o est\u00e1 definido por los Andes. Estamos a 1,029m de altura. La nieve se derrite en las cumbres, y nos riega las vi\u00f1as. La finca est\u00e1 poblada de piedras, desparramadas por las monta\u00f1as por milenios de deshielos de r\u00edos y glaciares. El sol brilla fuerte 330 d\u00edas al a\u00f1o. De noche, vienen brisas frescas que ayudan a mantener la vivacidad de las uvas, creando aromas y sabores m\u00e1s complejas.\r\n\r\n<\/div>\r\n<\/div>\r\n[\/vc_column_text][\/vc_column][\/vc_row][vc_row][vc_column][vc_media_grid style=\u00bbload-more\u00bb items_per_page=\u00bb28&#8243; element_width=\u00bb3&#8243; grid_id=\u00bbvc_gid:1659720036076-fe877192-0974-10&#8243; include=\u00bb635,679,677,674,688,691,656,676,649,696,675,695,683,653,694,686,651,647,684,648,685,650,697,730,729,732,728,731&#8243;][\/vc_column][\/vc_row][vc_row][vc_column][\/vc_column][\/vc_row]","protected":false},"excerpt":{"rendered":"<p>[vc_row][vc_column offset=\u00bbvc_hidden-xs\u00bb][vc_empty_space height=\u00bb40px\u00bb][vc_column_text] FINCA &#8211; LA VIDA EN EL TERRU\u00d1O [\/vc_column_text][vc_column_text] Estamos en el coraz\u00f3n de las tierras del Malbec en el valle de Uco en un peque\u00f1o terru\u00f1o llamado paraje Altamira, cerca del pueblo de La Consulta. Entre nuestras fincas vecinas se encuentran Terrazas de los Andes, Catena y Zuccardi. Estamos a 1,029m de&hellip;<\/p>\n","protected":false},"author":127570514,"featured_media":0,"parent":0,"menu_order":1,"comment_status":"closed","ping_status":"closed","template":"","meta":{"_crdt_document":"","advanced_seo_description":"","jetpack_seo_html_title":"","jetpack_seo_noindex":false,"footnotes":""},"class_list":["post-835","page","type-page","status-publish","hentry"],"acf":[],"jetpack_shortlink":"https:\/\/wp.me\/PdCOYm-dt","jetpack_sharing_enabled":true,"amp_enabled":false,"_links":{"self":[{"href":"https:\/\/sonvidawine.com\/es\/wp-json\/wp\/v2\/pages\/835","targetHints":{"allow":["GET"]}}],"collection":[{"href":"https:\/\/sonvidawine.com\/es\/wp-json\/wp\/v2\/pages"}],"about":[{"href":"https:\/\/sonvidawine.com\/es\/wp-json\/wp\/v2\/types\/page"}],"author":[{"embeddable":true,"href":"https:\/\/sonvidawine.com\/es\/wp-json\/wp\/v2\/users\/127570514"}],"replies":[{"embeddable":true,"href":"https:\/\/sonvidawine.com\/es\/wp-json\/wp\/v2\/comments?post=835"}],"version-history":[{"count":21,"href":"https:\/\/sonvidawine.com\/es\/wp-json\/wp\/v2\/pages\/835\/revisions"}],"predecessor-version":[{"id":1173,"href":"https:\/\/sonvidawine.com\/es\/wp-json\/wp\/v2\/pages\/835\/revisions\/1173"}],"wp:attachment":[{"href":"https:\/\/sonvidawine.com\/es\/wp-json\/wp\/v2\/media?parent=835"}],"curies":[{"name":"wp","href":"https:\/\/api.w.org\/{rel}","templated":true}]}}